{"id":7608,"date":"2025-09-01T15:52:09","date_gmt":"2025-09-01T13:52:09","guid":{"rendered":"https:\/\/www.clicandfit.com\/blog\/?page_id=7608"},"modified":"2025-09-01T16:28:51","modified_gmt":"2025-09-01T14:28:51","slug":"la-box-faite-pour-cindy","status":"publish","type":"page","link":"https:\/\/www.clicandfit.com\/blog\/la-box-faite-pour-cindy\/","title":{"rendered":"\ud83d\udc49 \u201cLe style de Cindy, #FaitPourVous\u201d"},"content":{"rendered":"\n<p class=\"has-text-align-center\">Cindy a test\u00e9 Clic and Fit et a re\u00e7u une s\u00e9lection pens\u00e9e rien que pour elle.<br>Unboxing, essayages et looks personnalis\u00e9s : d\u00e9couvrez son exp\u00e9rience en vid\u00e9o !<\/p>\n\n\n<style>.wp-block-kadence-advancedbtn.kb-btns7608_b4f9c1-72{gap:var(--global-kb-gap-xs, 0.5rem );justify-content:center;align-items:center;}.kt-btns7608_b4f9c1-72 .kt-button{font-weight:normal;font-style:normal;}.kt-btns7608_b4f9c1-72 .kt-btn-wrap-0{margin-right:5px;}.wp-block-kadence-advancedbtn.kt-btns7608_b4f9c1-72 .kt-btn-wrap-0 .kt-button{color:#555555;border-color:#555555;}.wp-block-kadence-advancedbtn.kt-btns7608_b4f9c1-72 .kt-btn-wrap-0 .kt-button:hover, .wp-block-kadence-advancedbtn.kt-btns7608_b4f9c1-72 .kt-btn-wrap-0 .kt-button:focus{color:#ffffff;border-color:#444444;}.wp-block-kadence-advancedbtn.kt-btns7608_b4f9c1-72 .kt-btn-wrap-0 .kt-button::before{display:none;}.wp-block-kadence-advancedbtn.kt-btns7608_b4f9c1-72 .kt-btn-wrap-0 .kt-button:hover, .wp-block-kadence-advancedbtn.kt-btns7608_b4f9c1-72 .kt-btn-wrap-0 .kt-button:focus{background:#444444;}<\/style>\n<div class=\"wp-block-kadence-advancedbtn kb-buttons-wrap kb-btns7608_b4f9c1-72\"><style>ul.menu .wp-block-kadence-advancedbtn .kb-btn7608_d732cd-82.kb-button{width:initial;}.wp-block-kadence-advancedbtn .kb-btn7608_d732cd-82.kb-button{color:#ffffff;background:#000000;}.wp-block-kadence-advancedbtn .kb-btn7608_d732cd-82.kb-button:hover, .wp-block-kadence-advancedbtn .kb-btn7608_d732cd-82.kb-button:focus{background:#000000;}<\/style><a class=\"kb-button kt-button button kb-btn7608_d732cd-82 kt-btn-size-standard kt-btn-width-type-auto kb-btn-global-fill  kt-btn-has-text-true kt-btn-has-svg-false  wp-block-kadence-singlebtn\" href=\"https:\/\/www.clicandfit.com\/\"><span class=\"kt-btn-inner-text\"><strong>JE COMMANDE<\/strong><\/span><\/a><\/div>\n\n\n\n<figure class=\"wp-block-video ugc-video\"><video autoplay controls muted src=\"https:\/\/www.clicandfit.com\/blog\/wp-content\/uploads\/2025\/09\/0-1000162068-3.mp4\"><\/video><\/figure>\n\n\n\n<div style=\"height:5px\" aria-hidden=\"true\" class=\"wp-block-spacer\"><\/div>\n\n\n<style>.wp-block-kadence-advancedbtn.kb-btns7608_1838e8-07{gap:var(--global-kb-gap-xs, 0.5rem );justify-content:center;align-items:center;}.kt-btns7608_1838e8-07 .kt-button{font-weight:normal;font-style:normal;}.kt-btns7608_1838e8-07 .kt-btn-wrap-0{margin-right:5px;}.wp-block-kadence-advancedbtn.kt-btns7608_1838e8-07 .kt-btn-wrap-0 .kt-button{color:#555555;border-color:#555555;}.wp-block-kadence-advancedbtn.kt-btns7608_1838e8-07 .kt-btn-wrap-0 .kt-button:hover, .wp-block-kadence-advancedbtn.kt-btns7608_1838e8-07 .kt-btn-wrap-0 .kt-button:focus{color:#ffffff;border-color:#444444;}.wp-block-kadence-advancedbtn.kt-btns7608_1838e8-07 .kt-btn-wrap-0 .kt-button::before{display:none;}.wp-block-kadence-advancedbtn.kt-btns7608_1838e8-07 .kt-btn-wrap-0 .kt-button:hover, .wp-block-kadence-advancedbtn.kt-btns7608_1838e8-07 .kt-btn-wrap-0 .kt-button:focus{background:#444444;}<\/style>\n<div class=\"wp-block-kadence-advancedbtn kb-buttons-wrap kb-btns7608_1838e8-07\"><style>ul.menu .wp-block-kadence-advancedbtn .kb-btn7608_a697ff-59.kb-button{width:initial;}.wp-block-kadence-advancedbtn .kb-btn7608_a697ff-59.kb-button{color:#ffffff;background:#000000;}.wp-block-kadence-advancedbtn .kb-btn7608_a697ff-59.kb-button:hover, .wp-block-kadence-advancedbtn .kb-btn7608_a697ff-59.kb-button:focus{background:#000000;}<\/style><a class=\"kb-button kt-button button kb-btn7608_a697ff-59 kt-btn-size-standard kt-btn-width-type-auto kb-btn-global-fill  kt-btn-has-text-true kt-btn-has-svg-false  wp-block-kadence-singlebtn\" href=\"https:\/\/www.clicandfit.com\/\"><span class=\"kt-btn-inner-text\"><strong>JE COMMANDE<\/strong><\/span><\/a><\/div>\n\n\n\n<style>\n  .cf-proof {max-width:700px;margin:20px auto 0;padding:16px 20px;border:1px solid #eee;border-radius:10px;text-align:center;font-family:inherit}\n  .cf-proof .badge{display:inline-flex;align-items:center;gap:10px;justify-content:center;margin-bottom:6px;font-weight:700}\n  .cf-proof .note{opacity:.85}\n  .cf-stars{display:inline-flex;gap:4px}\n  .cf-star{width:18px;height:18px;fill:#f5b301} \/* or #000 for noir *\/\n  .cf-proof .claim{margin-top:6px;font-size:14px;color:#444}\n  .sr-only{position:absolute;left:-9999px}\n  \/* option: logo *\/\n  .cf-logo{height:16px;vertical-align:-2px}\n<\/style>\n\n<div class=\"cf-proof\" aria-label=\"Preuve sociale Clic and Fit\">\n  <div class=\"badge\">\n    <!-- Option logo Trustpilot : remplace l\u2019URL par ton fichier \/uploads\/trustpilot.svg ou supprime l\u2019image -->\n    <!-- <img decoding=\"async\" class=\"cf-logo\" src=\"\/wp-content\/uploads\/trustpilot.svg\" alt=\"Trustpilot\"> -->\n    <span>Excellent <span class=\"note\">4,6\/5<\/span><\/span>\n    <span class=\"cf-stars\" aria-hidden=\"true\">\n      <svg class=\"cf-star\" viewBox=\"0 0 24 24\"><path d=\"M12 17.3l-6.18 3.25 1.18-6.88L1 8.9l6.91-1L12 1.7l4.09 6.2 6.91 1-5 4.77 1.18 6.88z\"\/><\/svg>\n      <svg class=\"cf-star\" viewBox=\"0 0 24 24\"><path d=\"M12 17.3l-6.18 3.25 1.18-6.88L1 8.9l6.91-1L12 1.7l4.09 6.2 6.91 1-5 4.77 1.18 6.88z\"\/><\/svg>\n      <svg class=\"cf-star\" viewBox=\"0 0 24 24\"><path d=\"M12 17.3l-6.18 3.25 1.18-6.88L1 8.9l6.91-1L12 1.7l4.09 6.2 6.91 1-5 4.77 1.18 6.88z\"\/><\/svg>\n      <svg class=\"cf-star\" viewBox=\"0 0 24 24\"><path d=\"M12 17.3l-6.18 3.25 1.18-6.88L1 8.9l6.91-1L12 1.7l4.09 6.2 6.91 1-5 4.77 1.18 6.88z\"\/><\/svg>\n      <svg class=\"cf-star\" viewBox=\"0 0 24 24\"><path d=\"M12 17.3l-6.18 3.25 1.18-6.88L1 8.9l6.91-1L12 1.7l4.09 6.2 6.91 1-5 4.77 1.18 6.88z\"\/><\/svg>\n    <\/span>\n    <span class=\"sr-only\">Note moyenne 4,6 sur 5, cinq \u00e9toiles<\/span>\n  <\/div>\n<\/div>\n\n\n\n\n<p><\/p>\n","protected":false},"excerpt":{"rendered":"<p>Cindy a test\u00e9 Clic and Fit et a re\u00e7u une s\u00e9lection pens\u00e9e rien que pour elle.Unboxing, essayages et looks personnalis\u00e9s : d\u00e9couvrez son exp\u00e9rience en vid\u00e9o ! Excellent 4,6\/5 Note moyenne 4,6 sur 5, cinq \u00e9toiles<\/p>\n","protected":false},"author":1,"featured_media":0,"parent":0,"menu_order":0,"comment_status":"closed","ping_status":"closed","template":"","meta":{"_editorskit_title_hidden":false,"_editorskit_reading_time":0,"_editorskit_is_block_options_detached":false,"_editorskit_block_options_position":"{}","_uag_custom_page_level_css":"","_kad_blocks_custom_css":"","_kad_blocks_head_custom_js":"","_kad_blocks_body_custom_js":"","_kad_blocks_footer_custom_js":"","footnotes":""},"class_list":["post-7608","page","type-page","status-publish"],"taxonomy_info":[],"featured_image_src_large":false,"author_info":{"display_name":"Clic and Fit","author_link":"https:\/\/www.clicandfit.com\/blog\/auteur\/service-communication\/"},"comment_info":0,"uagb_featured_image_src":{"full":false,"thumbnail":false,"medium":false,"medium_large":false,"large":false,"1536x1536":false,"2048x2048":false,"wp_review_large":false,"wp_review_small":false,"bunyad-small":false,"bunyad-medium":false,"bunyad-full":false,"bunyad-viewport":false,"bunyad-768":false},"uagb_author_info":{"display_name":"Clic and Fit","author_link":"https:\/\/www.clicandfit.com\/blog\/auteur\/service-communication\/"},"uagb_comment_info":0,"uagb_excerpt":"Cindy a test\u00e9 Clic and Fit et a re\u00e7u une s\u00e9lection pens\u00e9e rien que pour elle.Unboxing, essayages et looks personnalis\u00e9s : d\u00e9couvrez son exp\u00e9rience en vid\u00e9o ! Excellent 4,6\/5 Note moyenne 4,6 sur 5, cinq \u00e9toiles","_links":{"self":[{"href":"https:\/\/www.clicandfit.com\/blog\/wp-json\/wp\/v2\/pages\/7608","targetHints":{"allow":["GET"]}}],"collection":[{"href":"https:\/\/www.clicandfit.com\/blog\/wp-json\/wp\/v2\/pages"}],"about":[{"href":"https:\/\/www.clicandfit.com\/blog\/wp-json\/wp\/v2\/types\/page"}],"author":[{"embeddable":true,"href":"https:\/\/www.clicandfit.com\/blog\/wp-json\/wp\/v2\/users\/1"}],"replies":[{"embeddable":true,"href":"https:\/\/www.clicandfit.com\/blog\/wp-json\/wp\/v2\/comments?post=7608"}],"version-history":[{"count":5,"href":"https:\/\/www.clicandfit.com\/blog\/wp-json\/wp\/v2\/pages\/7608\/revisions"}],"predecessor-version":[{"id":7624,"href":"https:\/\/www.clicandfit.com\/blog\/wp-json\/wp\/v2\/pages\/7608\/revisions\/7624"}],"wp:attachment":[{"href":"https:\/\/www.clicandfit.com\/blog\/wp-json\/wp\/v2\/media?parent=7608"}],"curies":[{"name":"wp","href":"https:\/\/api.w.org\/{rel}","templated":true}]}}