{"id":7671,"date":"2025-11-07T14:48:10","date_gmt":"2025-11-07T12:48:10","guid":{"rendered":"https:\/\/www.clicandfit.com\/blog\/?page_id=7671"},"modified":"2025-11-07T14:48:11","modified_gmt":"2025-11-07T12:48:11","slug":"%f0%9f%92%8c-retourner-votre-box-clic-and-fit","status":"publish","type":"page","link":"https:\/\/www.clicandfit.com\/blog\/%f0%9f%92%8c-retourner-votre-box-clic-and-fit\/","title":{"rendered":"\ud83d\udc8c Retourner votre box Clic and Fit"},"content":{"rendered":"\n<p>Merci d\u2019avoir pris le temps d\u2019essayer vos looks \ud83d\udc95<br>Vous avez craqu\u00e9 pour certaines pi\u00e8ces ? Parfait !<br>Pour le reste, voici comment nous renvoyer facilement votre box.<\/p>\n\n\n\n<h2 class=\"wp-block-heading\">\ud83c\uddeb\ud83c\uddf7 Vous habitez en <strong>France<\/strong><\/h2>\n\n\n\n<p>\ud83d\udc49 <strong>D\u00e9posez votre colis retour dans un point relais partenaire 2Shop by Chronopost.<\/strong><\/p>\n\n\n\n<p>\ud83d\udd0e Retrouvez le point relais le plus proche de chez vous :<br>\u27a1\ufe0f <a href=\"https:\/\/www.chronoshop2shop.fr\/fr\/trouver-relais-pickup\">https:\/\/www.chronoshop2shop.fr\/fr\/trouver-relais-pickup<\/a><\/p>\n\n\n\n<p>\ud83d\udce6 <strong>Utilisez le m\u00eame colis qu\u2019\u00e0 l\u2019aller :<\/strong><br>Notre emballage est r\u00e9employable \u267b\ufe0f<br>Il vous suffit de <strong>d\u00e9coller l\u2019\u00e9tiquette aller<\/strong> et <strong>de coller l\u2019\u00e9tiquette retour<\/strong> sur la zone en pointill\u00e9e pr\u00e9vue \u00e0 cet effet.<\/p>\n\n\n\n<p>\ud83e\uddfe Une preuve de d\u00e9p\u00f4t (papier ou \u00e9lectronique) vous sera remise par le point relais.<br>\ud83d\udc49 <strong>Conservez-la pr\u00e9cieusement<\/strong> jusqu\u2019\u00e0 la confirmation de r\u00e9ception de votre box.<\/p>\n\n\n\n<h2 class=\"wp-block-heading\">\ud83c\udde7\ud83c\uddea Vous habitez en <strong>Belgique<\/strong><\/h2>\n\n\n\n<p>\ud83d\udc49 <strong>D\u00e9posez votre colis retour dans un point relais partenaire DPD.<\/strong><\/p>\n\n\n\n<p>\ud83d\udd0e Retrouvez le point relais le plus proche de chez vous :<br>\u27a1\ufe0f <a href=\"https:\/\/www.dpdgroup.com\/be\/mydpd\/parcel-shops\">https:\/\/www.dpdgroup.com\/be\/mydpd\/parcel-shops<\/a><\/p>\n\n\n\n<p>\ud83d\udce6 <strong>Utilisez le m\u00eame colis qu\u2019\u00e0 l\u2019aller :<\/strong><br>Notre emballage est r\u00e9employable \u267b\ufe0f<br>Il vous suffit de <strong>d\u00e9coller l\u2019\u00e9tiquette aller<\/strong> et <strong>de coller l\u2019\u00e9tiquette retour<\/strong> sur la zone en pointill\u00e9e pr\u00e9vue \u00e0 cet effet.<\/p>\n\n\n\n<p>\ud83e\uddfe Une preuve de d\u00e9p\u00f4t (papier ou \u00e9lectronique) vous sera remise par le point relais.<br>\ud83d\udc49 <strong>Conservez-la pr\u00e9cieusement<\/strong> jusqu\u2019\u00e0 la confirmation de r\u00e9ception de votre box.<\/p>\n\n\n\n<h2 class=\"wp-block-heading\">\ud83d\udca1 Important : si vous gardez tout\u2026<\/h2>\n\n\n\n<p>\ud83c\udf89 Vous avez tout ador\u00e9 ? G\u00e9nial !<br>Dans ce cas, <strong>ne renvoyez surtout pas l\u2019enveloppe r\u00e9employable.<\/strong><\/p>\n\n\n\n<p>Conservez-la soigneusement chez vous :<br>\ud83e\ude77 Vous la <strong>r\u00e9utiliserez lors d\u2019une prochaine commande<\/strong>,<br>si vous recevez une nouvelle box et que vous ne gardez pas tout.<\/p>\n\n\n\n<p>\ud83d\udc49 Cela \u00e9vite des trajets inutiles et nous aide \u00e0 prolonger la dur\u00e9e de vie de chaque emballage \u267b\ufe0f<\/p>\n\n\n\n<h2 class=\"wp-block-heading\">\u267b\ufe0f Petit rappel<\/h2>\n\n\n\n<ul class=\"wp-block-list\">\n<li><strong>Ne jetez pas l\u2019emballage vide<\/strong>, il sert pour les retours.<\/li>\n\n\n\n<li><strong>Fermez bien le colis<\/strong> avec le rabat autocollant pr\u00e9vu \u00e0 cet effet.<\/li>\n\n\n\n<li><strong>Si vous gardez tout : ne renvoyez rien.<\/strong> Vous r\u00e9utiliserez l\u2019enveloppe plus tard.<\/li>\n<\/ul>\n\n\n\n<p class=\"has-text-align-center\"><strong>Clic and Fit<br>Des looks faits pour vous.<\/strong><br><a href=\"https:\/\/www.clicandfit.com\">www.clicandfit.com<\/a><br>#FaitPourVous \u2022 #StyleSansEffort \u2022 #Rayonnez<\/p>\n","protected":false},"excerpt":{"rendered":"<p>Merci d\u2019avoir pris le temps d\u2019essayer vos looks \ud83d\udc95Vous avez craqu\u00e9 pour certaines pi\u00e8ces ? Parfait !Pour le reste, voici comment nous renvoyer facilement votre box. \ud83c\uddeb\ud83c\uddf7 Vous habitez en France \ud83d\udc49 D\u00e9posez votre colis retour dans un point relais partenaire 2Shop by Chronopost. \ud83d\udd0e Retrouvez le point relais le plus proche de chez vous<\/p>\n","protected":false},"author":1,"featured_media":0,"parent":0,"menu_order":0,"comment_status":"closed","ping_status":"closed","template":"","meta":{"_editorskit_title_hidden":false,"_editorskit_reading_time":0,"_editorskit_is_block_options_detached":false,"_editorskit_block_options_position":"{}","_uag_custom_page_level_css":"","_kad_blocks_custom_css":"","_kad_blocks_head_custom_js":"","_kad_blocks_body_custom_js":"","_kad_blocks_footer_custom_js":"","footnotes":""},"class_list":["post-7671","page","type-page","status-publish"],"taxonomy_info":[],"featured_image_src_large":false,"author_info":{"display_name":"Clic and Fit","author_link":"https:\/\/www.clicandfit.com\/blog\/auteur\/service-communication\/"},"comment_info":0,"uagb_featured_image_src":{"full":false,"thumbnail":false,"medium":false,"medium_large":false,"large":false,"1536x1536":false,"2048x2048":false,"wp_review_large":false,"wp_review_small":false,"bunyad-small":false,"bunyad-medium":false,"bunyad-full":false,"bunyad-viewport":false,"bunyad-768":false},"uagb_author_info":{"display_name":"Clic and Fit","author_link":"https:\/\/www.clicandfit.com\/blog\/auteur\/service-communication\/"},"uagb_comment_info":0,"uagb_excerpt":"Merci d\u2019avoir pris le temps d\u2019essayer vos looks \ud83d\udc95Vous avez craqu\u00e9 pour certaines pi\u00e8ces ? Parfait !Pour le reste, voici comment nous renvoyer facilement votre box. \ud83c\uddeb\ud83c\uddf7 Vous habitez en France \ud83d\udc49 D\u00e9posez votre colis retour dans un point relais partenaire 2Shop by Chronopost. \ud83d\udd0e Retrouvez le point relais le plus proche de chez vous","_links":{"self":[{"href":"https:\/\/www.clicandfit.com\/blog\/wp-json\/wp\/v2\/pages\/7671","targetHints":{"allow":["GET"]}}],"collection":[{"href":"https:\/\/www.clicandfit.com\/blog\/wp-json\/wp\/v2\/pages"}],"about":[{"href":"https:\/\/www.clicandfit.com\/blog\/wp-json\/wp\/v2\/types\/page"}],"author":[{"embeddable":true,"href":"https:\/\/www.clicandfit.com\/blog\/wp-json\/wp\/v2\/users\/1"}],"replies":[{"embeddable":true,"href":"https:\/\/www.clicandfit.com\/blog\/wp-json\/wp\/v2\/comments?post=7671"}],"version-history":[{"count":3,"href":"https:\/\/www.clicandfit.com\/blog\/wp-json\/wp\/v2\/pages\/7671\/revisions"}],"predecessor-version":[{"id":7675,"href":"https:\/\/www.clicandfit.com\/blog\/wp-json\/wp\/v2\/pages\/7671\/revisions\/7675"}],"wp:attachment":[{"href":"https:\/\/www.clicandfit.com\/blog\/wp-json\/wp\/v2\/media?parent=7671"}],"curies":[{"name":"wp","href":"https:\/\/api.w.org\/{rel}","templated":true}]}}